{"id":2124,"date":"2022-12-17T12:48:16","date_gmt":"2022-12-17T12:48:16","guid":{"rendered":"https:\/\/www.mapsees.com\/?page_id=2124"},"modified":"2025-05-15T15:34:08","modified_gmt":"2025-05-15T15:34:08","slug":"home","status":"publish","type":"page","link":"https:\/\/www.mapsees.com\/fi\/","title":{"rendered":"Homepage 2.0"},"content":{"rendered":"<div data-elementor-type=\"wp-page\" data-elementor-id=\"2124\" class=\"elementor elementor-2124\" data-elementor-post-type=\"page\">\n\t\t\t\t\t\t<section class=\"elementor-section elementor-top-section elementor-element elementor-element-a10ac3c elementor-section-full_width elementor-section-height-default elementor-section-height-default\" data-id=\"a10ac3c\" data-element_type=\"section\">\n\t\t\t\t\t\t<div class=\"elementor-container elementor-column-gap-default\">\n\t\t\t\t\t<div class=\"elementor-column elementor-col-100 elementor-top-column elementor-element elementor-element-6ea6ec8\" data-id=\"6ea6ec8\" data-element_type=\"column\">\n\t\t\t<div class=\"elementor-widget-wrap elementor-element-populated\">\n\t\t\t\t\t\t<section class=\"elementor-section elementor-inner-section elementor-element elementor-element-ef16df0 elementor-section-full_width elementor-section-height-default elementor-section-height-default\" data-id=\"ef16df0\" data-element_type=\"section\">\n\t\t\t\t\t\t<div class=\"elementor-container elementor-column-gap-default\">\n\t\t\t\t\t<div class=\"elementor-column elementor-col-50 elementor-inner-column elementor-element elementor-element-415c1d7 elementor-hidden-desktop elementor-hidden-tablet elementor-hidden-mobile\" data-id=\"415c1d7\" data-element_type=\"column\" data-settings=\"{&quot;background_background&quot;:&quot;classic&quot;}\">\n\t\t\t<div class=\"elementor-widget-wrap elementor-element-populated\">\n\t\t\t\t\t<div class=\"elementor-background-overlay\"><\/div>\n\t\t\t\t\t\t<div class=\"elementor-element elementor-element-ec3430d elementor-view-default elementor-invisible elementor-widget elementor-widget-icon\" data-id=\"ec3430d\" data-element_type=\"widget\" data-settings=\"{&quot;_animation&quot;:&quot;pulse&quot;}\" data-widget_type=\"icon.default\">\n\t\t\t\t<div class=\"elementor-widget-container\">\n\t\t\t\t\t<div class=\"elementor-icon-wrapper\">\n\t\t\t<a class=\"elementor-icon elementor-animation-shrink\" href=\"#elementor-action:action=lightbox&settings=eyJ0eXBlIjoidmlkZW8iLCJ2aWRlb1R5cGUiOiJ5b3V0dWJlIiwidXJsIjoiaHR0cHM6XC9cL3d3dy55b3V0dWJlLmNvbVwvZW1iZWRcLzNGTTF3YVRlVERFP2ZlYXR1cmU9b2VtYmVkIn0=\">\n\t\t\t<svg xmlns=\"http:\/\/www.w3.org\/2000\/svg\" viewbox=\"0 0 100.2 100\"><defs><style>.cls-1{fill:#e1001b;}.cls-2{fill:#fff;}<\/style><\/defs><g id=\"Layer_2\" data-name=\"Layer 2\"><g id=\"Layer_1-2\" data-name=\"Layer 1\"><path class=\"cls-1\" d=\"M50.12,0A49.92,49.92,0,0,1,100.2,50c0,27.95-22.42,50-50.77,50C22.37,100,0,77.35,0,50A49.9,49.9,0,0,1,50.12,0Z\"><\/path><path class=\"cls-2\" d=\"M31.9,50c0,6,0,12,0,17.93,0,4.5,3.84,6.75,7.72,4.53Q55.19,63.58,70.7,54.58c4.21-2.44,4.25-6.73.07-9.15q-15.4-9-30.88-17.8c-4.31-2.47-8-.28-8,4.7C31.89,38.23,31.9,44.13,31.9,50Z\"><\/path><\/g><\/g><\/svg>\t\t\t<\/a>\n\t\t<\/div>\n\t\t\t\t<\/div>\n\t\t\t\t<\/div>\n\t\t\t\t\t<\/div>\n\t\t<\/div>\n\t\t\t\t<div class=\"elementor-column elementor-col-50 elementor-inner-column elementor-element elementor-element-c177455 elementor-hidden-desktop elementor-hidden-tablet elementor-hidden-mobile\" data-id=\"c177455\" data-element_type=\"column\" data-settings=\"{&quot;background_background&quot;:&quot;classic&quot;}\">\n\t\t\t<div class=\"elementor-widget-wrap elementor-element-populated\">\n\t\t\t\t\t\t<div class=\"elementor-element elementor-element-79918d9 elementor-invisible elementor-widget elementor-widget-heading\" data-id=\"79918d9\" data-element_type=\"widget\" data-settings=\"{&quot;_animation&quot;:&quot;fadeInUp&quot;}\" data-widget_type=\"heading.default\">\n\t\t\t\t<div class=\"elementor-widget-container\">\n\t\t\t<h1 class=\"elementor-heading-title elementor-size-default\">Tutki maailmaa<span style=\"color: #e1001b\">.<\/span><\/h1>\t\t<\/div>\n\t\t\t\t<\/div>\n\t\t\t\t<div class=\"elementor-element elementor-element-abae6fd elementor-invisible elementor-widget elementor-widget-text-editor\" data-id=\"abae6fd\" data-element_type=\"widget\" data-settings=\"{&quot;_animation&quot;:&quot;fadeInUp&quot;}\" data-widget_type=\"text-editor.default\">\n\t\t\t\t<div class=\"elementor-widget-container\">\n\t\t\t\t\t\t\tVilkaise maisemaa ennen kuin suuntaat paikalle. Ota matka ymp\u00e4ri maailmaa tarkoin valituilta videoilta ja ihastu.\t\t\t\t\t\t<\/div>\n\t\t\t\t<\/div>\n\t\t\t\t\t<\/div>\n\t\t<\/div>\n\t\t\t\t\t<\/div>\n\t\t<\/section>\n\t\t\t\t\t<\/div>\n\t\t<\/div>\n\t\t\t\t\t<\/div>\n\t\t<\/section>\n\t\t\t\t<section class=\"elementor-section elementor-top-section elementor-element elementor-element-df50683 elementor-section-full_width elementor-section-height-default elementor-section-height-default\" data-id=\"df50683\" data-element_type=\"section\">\n\t\t\t\t\t\t<div class=\"elementor-container elementor-column-gap-default\">\n\t\t\t\t\t<div class=\"elementor-column elementor-col-100 elementor-top-column elementor-element elementor-element-551f989\" data-id=\"551f989\" data-element_type=\"column\">\n\t\t\t<div class=\"elementor-widget-wrap elementor-element-populated\">\n\t\t\t\t\t\t<section class=\"elementor-section elementor-inner-section elementor-element elementor-element-3fd6cf6 elementor-section-full_width elementor-section-height-default elementor-section-height-default\" data-id=\"3fd6cf6\" data-element_type=\"section\">\n\t\t\t\t\t\t<div class=\"elementor-container elementor-column-gap-default\">\n\t\t\t\t\t<div class=\"elementor-column elementor-col-100 elementor-inner-column elementor-element elementor-element-407b082\" data-id=\"407b082\" data-element_type=\"column\" data-settings=\"{&quot;background_background&quot;:&quot;classic&quot;}\">\n\t\t\t<div class=\"elementor-widget-wrap elementor-element-populated\">\n\t\t\t\t\t\t<div class=\"elementor-element elementor-element-d3bb21d elementor-invisible elementor-widget elementor-widget-heading\" data-id=\"d3bb21d\" data-element_type=\"widget\" data-settings=\"{&quot;_animation&quot;:&quot;fadeInUp&quot;}\" data-widget_type=\"heading.default\">\n\t\t\t\t<div class=\"elementor-widget-container\">\n\t\t\t<h1 class=\"elementor-heading-title elementor-size-default\">Tutki maailman parhaimpia n\u00e4ht\u00e4vyyksi\u00e4<span style=\"color: #e1001b\">.<\/span><\/h1>\t\t<\/div>\n\t\t\t\t<\/div>\n\t\t\t\t<div class=\"elementor-element elementor-element-59cb519 elementor-invisible elementor-widget elementor-widget-text-editor\" data-id=\"59cb519\" data-element_type=\"widget\" data-settings=\"{&quot;_animation&quot;:&quot;fadeInUp&quot;}\" data-widget_type=\"text-editor.default\">\n\t\t\t\t<div class=\"elementor-widget-container\">\n\t\t\t\t\t\t\tVilkaise maisemaa ennen kuin suuntaat paikalle. Ota matka ymp\u00e4ri maailmaa tarkoin valituilta videoilta ja ihastu.\t\t\t\t\t\t<\/div>\n\t\t\t\t<\/div>\n\t\t\t\t\t<\/div>\n\t\t<\/div>\n\t\t\t\t\t<\/div>\n\t\t<\/section>\n\t\t\t\t\t<\/div>\n\t\t<\/div>\n\t\t\t\t\t<\/div>\n\t\t<\/section>\n\t\t\t\t<section class=\"elementor-section elementor-top-section elementor-element elementor-element-31c2a61 elementor-section-full_width map elementor-section-height-default elementor-section-height-default\" data-id=\"31c2a61\" data-element_type=\"section\" id=\"map\">\n\t\t\t\t\t\t<div class=\"elementor-container elementor-column-gap-default\">\n\t\t\t\t\t<div class=\"elementor-column elementor-col-100 elementor-top-column elementor-element elementor-element-3da7e41\" data-id=\"3da7e41\" data-element_type=\"column\">\n\t\t\t<div class=\"elementor-widget-wrap elementor-element-populated\">\n\t\t\t\t\t\t<div class=\"elementor-element elementor-element-307960e elementor-widget elementor-widget-shortcode\" data-id=\"307960e\" data-element_type=\"widget\" data-widget_type=\"shortcode.default\">\n\t\t\t\t<div class=\"elementor-widget-container\">\n\t\t\t\t\t<div class=\"elementor-shortcode\">\t\t<div id=\"maps-marker-pro-0929db2b\" class=\"maps-marker-pro mmp-list-right\" style=\"width: 100%;\">\r\n\t\t\t<div id=\"mmp-map-wrap-0929db2b\" class=\"mmp-map-wrap\">\r\n\t\t\t\t\t\t\t\t<div id=\"mmp-map-0929db2b\" class=\"mmp-map\" style=\"height: 600px;\"><\/div>\r\n\t\t\t\t\t\t\t<\/div>\r\n\t\t\t\t\t\t\t<div id=\"mmp-list-0929db2b\" class=\"mmp-list\" style=\"flex-basis: 400px;\"><\/div>\r\n\t\t\t\t\t<\/div>\r\n\t\t<\/div>\n\t\t\t\t<\/div>\n\t\t\t\t<\/div>\n\t\t\t\t\t<\/div>\n\t\t<\/div>\n\t\t\t\t\t<\/div>\n\t\t<\/section>\n\t\t\t\t<section class=\"elementor-section elementor-top-section elementor-element elementor-element-e2f97f4 elementor-section-full_width elementor-section-height-default elementor-section-height-default\" data-id=\"e2f97f4\" data-element_type=\"section\">\n\t\t\t\t\t\t<div class=\"elementor-container elementor-column-gap-default\">\n\t\t\t\t\t<div class=\"elementor-column elementor-col-100 elementor-top-column elementor-element elementor-element-1f187ce\" data-id=\"1f187ce\" data-element_type=\"column\">\n\t\t\t<div class=\"elementor-widget-wrap elementor-element-populated\">\n\t\t\t\t\t\t<section class=\"elementor-section elementor-inner-section elementor-element elementor-element-759b709 elementor-section-full_width elementor-section-height-default elementor-section-height-default\" data-id=\"759b709\" data-element_type=\"section\">\n\t\t\t\t\t\t<div class=\"elementor-container elementor-column-gap-default\">\n\t\t\t\t\t<div class=\"elementor-column elementor-col-100 elementor-inner-column elementor-element elementor-element-b40171d\" data-id=\"b40171d\" data-element_type=\"column\" data-settings=\"{&quot;background_background&quot;:&quot;classic&quot;}\">\n\t\t\t<div class=\"elementor-widget-wrap elementor-element-populated\">\n\t\t\t\t\t\t<div class=\"elementor-element elementor-element-80ae70e elementor-invisible elementor-widget elementor-widget-heading\" data-id=\"80ae70e\" data-element_type=\"widget\" data-settings=\"{&quot;_animation&quot;:&quot;fadeInUp&quot;}\" data-widget_type=\"heading.default\">\n\t\t\t\t<div class=\"elementor-widget-container\">\n\t\t\t<h3 class=\"elementor-heading-title elementor-size-default\">Auta muita l\u00f6yt\u00e4m\u00e4\u00e4n paikkasi l\u00e4hett\u00e4m\u00e4ll\u00e4 video karttaan<\/h3>\t\t<\/div>\n\t\t\t\t<\/div>\n\t\t\t\t<div class=\"elementor-element elementor-element-8dd6b4c elementor-align-center elementor-invisible elementor-widget elementor-widget-button\" data-id=\"8dd6b4c\" data-element_type=\"widget\" data-settings=\"{&quot;_animation&quot;:&quot;fadeInUp&quot;}\" data-widget_type=\"button.default\">\n\t\t\t\t<div class=\"elementor-widget-container\">\n\t\t\t\t\t\t\t<div class=\"elementor-button-wrapper\">\n\t\t\t\t\t<a class=\"elementor-button elementor-button-link elementor-size-sm\" href=\"https:\/\/www.mapsees.com\/fi\/submit-video\/\">\n\t\t\t\t\t\t<span class=\"elementor-button-content-wrapper\">\n\t\t\t\t\t\t\t\t\t<span class=\"elementor-button-text\">Suosittele videota<\/span>\n\t\t\t\t\t<\/span>\n\t\t\t\t\t<\/a>\n\t\t\t\t<\/div>\n\t\t\t\t\t\t<\/div>\n\t\t\t\t<\/div>\n\t\t\t\t\t<\/div>\n\t\t<\/div>\n\t\t\t\t\t<\/div>\n\t\t<\/section>\n\t\t\t\t<section class=\"elementor-section elementor-inner-section elementor-element elementor-element-77e7890 elementor-section-full_width elementor-section-content-middle elementor-section-height-default elementor-section-height-default\" data-id=\"77e7890\" data-element_type=\"section\" data-settings=\"{&quot;background_background&quot;:&quot;classic&quot;}\">\n\t\t\t\t\t\t<div class=\"elementor-container elementor-column-gap-default\">\n\t\t\t\t\t<div class=\"elementor-column elementor-col-50 elementor-inner-column elementor-element elementor-element-7bbd311\" data-id=\"7bbd311\" data-element_type=\"column\">\n\t\t\t<div class=\"elementor-widget-wrap elementor-element-populated\">\n\t\t\t\t\t\t<div class=\"elementor-element elementor-element-dd0177a elementor-invisible elementor-widget elementor-widget-heading\" data-id=\"dd0177a\" data-element_type=\"widget\" data-settings=\"{&quot;_animation&quot;:&quot;fadeInUp&quot;}\" data-widget_type=\"heading.default\">\n\t\t\t\t<div class=\"elementor-widget-container\">\n\t\t\t<h3 class=\"elementor-heading-title elementor-size-default\">Tutki projektejamme ja palkkaa meid\u00e4t seuraavaa videotasi varten<\/h3>\t\t<\/div>\n\t\t\t\t<\/div>\n\t\t\t\t<div class=\"elementor-element elementor-element-1d71077 elementor-align-left elementor-invisible elementor-widget elementor-widget-button\" data-id=\"1d71077\" data-element_type=\"widget\" data-settings=\"{&quot;_animation&quot;:&quot;fadeInUp&quot;}\" data-widget_type=\"button.default\">\n\t\t\t\t<div class=\"elementor-widget-container\">\n\t\t\t\t\t\t\t<div class=\"elementor-button-wrapper\">\n\t\t\t\t\t<a class=\"elementor-button elementor-button-link elementor-size-sm\" href=\"https:\/\/www.mapsees.com\/fi\/video-services\/\">\n\t\t\t\t\t\t<span class=\"elementor-button-content-wrapper\">\n\t\t\t\t\t\t\t\t\t<span class=\"elementor-button-text\">Palkkaa meid\u00e4t<\/span>\n\t\t\t\t\t<\/span>\n\t\t\t\t\t<\/a>\n\t\t\t\t<\/div>\n\t\t\t\t\t\t<\/div>\n\t\t\t\t<\/div>\n\t\t\t\t\t<\/div>\n\t\t<\/div>\n\t\t\t\t<div class=\"elementor-column elementor-col-50 elementor-inner-column elementor-element elementor-element-c5f11bd\" data-id=\"c5f11bd\" data-element_type=\"column\">\n\t\t\t<div class=\"elementor-widget-wrap elementor-element-populated\">\n\t\t\t\t\t\t<div class=\"elementor-element elementor-element-96fbe2c elementor-widget elementor-widget-image\" data-id=\"96fbe2c\" data-element_type=\"widget\" data-widget_type=\"image.default\">\n\t\t\t\t<div class=\"elementor-widget-container\">\n\t\t\t\t\t\t\t\t\t\t\t\t\t<img fetchpriority=\"high\" decoding=\"async\" width=\"1024\" height=\"594\" src=\"https:\/\/www.mapsees.com\/wp-content\/uploads\/2023\/04\/Hire-Mapsees-Pros-3-min-1024x594.png\" class=\"attachment-large size-large wp-image-3765\" alt=\"\" srcset=\"https:\/\/www.mapsees.com\/wp-content\/uploads\/2023\/04\/Hire-Mapsees-Pros-3-min-1024x594.png 1024w, https:\/\/www.mapsees.com\/wp-content\/uploads\/2023\/04\/Hire-Mapsees-Pros-3-min-300x174.png 300w, https:\/\/www.mapsees.com\/wp-content\/uploads\/2023\/04\/Hire-Mapsees-Pros-3-min-768x445.png 768w, https:\/\/www.mapsees.com\/wp-content\/uploads\/2023\/04\/Hire-Mapsees-Pros-3-min-18x10.png 18w, https:\/\/www.mapsees.com\/wp-content\/uploads\/2023\/04\/Hire-Mapsees-Pros-3-min-24x14.png 24w, https:\/\/www.mapsees.com\/wp-content\/uploads\/2023\/04\/Hire-Mapsees-Pros-3-min-36x21.png 36w, https:\/\/www.mapsees.com\/wp-content\/uploads\/2023\/04\/Hire-Mapsees-Pros-3-min-48x28.png 48w, https:\/\/www.mapsees.com\/wp-content\/uploads\/2023\/04\/Hire-Mapsees-Pros-3-min.png 1142w\" sizes=\"(max-width: 1024px) 100vw, 1024px\" \/>\t\t\t\t\t\t\t\t\t\t\t\t\t<\/div>\n\t\t\t\t<\/div>\n\t\t\t\t\t<\/div>\n\t\t<\/div>\n\t\t\t\t\t<\/div>\n\t\t<\/section>\n\t\t\t\t\t<\/div>\n\t\t<\/div>\n\t\t\t\t\t<\/div>\n\t\t<\/section>\n\t\t\t\t<\/div>","protected":false},"excerpt":{"rendered":"<p>Explore the world. Go there before you get there. Take a trip around the world from the comfort of your device through carefully curated videos of numerous sites across different countries of the world. Explore the world&#8217;s top attractions. Go there before you get there. Take a trip around the world from the comfort of &hellip;<\/p>\n<p class=\"read-more\"> <a class=\"\" href=\"https:\/\/www.mapsees.com\/fi\/\"> <span class=\"screen-reader-text\">Homepage 2.0<\/span> Read More &raquo;<\/a><\/p>","protected":false},"author":16,"featured_media":0,"parent":0,"menu_order":0,"comment_status":"closed","ping_status":"closed","template":"","meta":{"om_disable_all_campaigns":false,"_mi_skip_tracking":false,"_monsterinsights_skip_tracking":false,"_monsterinsights_sitenote_active":false,"_monsterinsights_sitenote_note":"","_monsterinsights_sitenote_category":0,"site-sidebar-layout":"no-sidebar","site-content-layout":"page-builder","ast-global-header-display":"","ast-main-header-display":"","ast-hfb-above-header-display":"","ast-hfb-below-header-display":"","ast-hfb-mobile-header-display":"","site-post-title":"disabled","ast-breadcrumbs-content":"","ast-featured-img":"disabled","footer-sml-layout":"","theme-transparent-header-meta":"default","adv-header-id-meta":"","stick-header-meta":"","header-above-stick-meta":"","header-main-stick-meta":"","header-below-stick-meta":"","footnotes":""},"class_list":["post-2124","page","type-page","status-publish","hentry"],"acf":[],"aioseo_notices":[],"_links":{"self":[{"href":"https:\/\/www.mapsees.com\/fi\/wp-json\/wp\/v2\/pages\/2124","targetHints":{"allow":["GET"]}}],"collection":[{"href":"https:\/\/www.mapsees.com\/fi\/wp-json\/wp\/v2\/pages"}],"about":[{"href":"https:\/\/www.mapsees.com\/fi\/wp-json\/wp\/v2\/types\/page"}],"author":[{"embeddable":true,"href":"https:\/\/www.mapsees.com\/fi\/wp-json\/wp\/v2\/users\/16"}],"replies":[{"embeddable":true,"href":"https:\/\/www.mapsees.com\/fi\/wp-json\/wp\/v2\/comments?post=2124"}],"version-history":[{"count":320,"href":"https:\/\/www.mapsees.com\/fi\/wp-json\/wp\/v2\/pages\/2124\/revisions"}],"predecessor-version":[{"id":7161,"href":"https:\/\/www.mapsees.com\/fi\/wp-json\/wp\/v2\/pages\/2124\/revisions\/7161"}],"wp:attachment":[{"href":"https:\/\/www.mapsees.com\/fi\/wp-json\/wp\/v2\/media?parent=2124"}],"curies":[{"name":"wp","href":"https:\/\/api.w.org\/{rel}","templated":true}]}}