{"id":5888,"date":"2024-11-20T16:29:37","date_gmt":"2024-11-20T16:29:37","guid":{"rendered":"https:\/\/www.mapsees.com\/?page_id=5888"},"modified":"2025-03-25T15:33:56","modified_gmt":"2025-03-25T15:33:56","slug":"disclaimer","status":"publish","type":"page","link":"https:\/\/www.mapsees.com\/fi\/disclaimer\/","title":{"rendered":"Vastuuvapauslauseke"},"content":{"rendered":"<div data-elementor-type=\"wp-page\" data-elementor-id=\"5888\" class=\"elementor elementor-5888\" data-elementor-post-type=\"page\">\n\t\t\t\t\t\t<section class=\"elementor-section elementor-top-section elementor-element elementor-element-af632a3 elementor-section-boxed elementor-section-height-default elementor-section-height-default\" data-id=\"af632a3\" data-element_type=\"section\">\n\t\t\t\t\t\t<div class=\"elementor-container elementor-column-gap-default\">\n\t\t\t\t\t<div class=\"elementor-column elementor-col-100 elementor-top-column elementor-element elementor-element-c9e0fcf\" data-id=\"c9e0fcf\" data-element_type=\"column\">\n\t\t\t<div class=\"elementor-widget-wrap elementor-element-populated\">\n\t\t\t\t\t\t<div class=\"elementor-element elementor-element-596c423 elementor-widget elementor-widget-heading\" data-id=\"596c423\" data-element_type=\"widget\" data-widget_type=\"heading.default\">\n\t\t\t\t<div class=\"elementor-widget-container\">\n\t\t\t<h2 class=\"elementor-heading-title elementor-size-default\">Lailliset ja muut vastuuvapauslausekkeet<\/h2>\t\t<\/div>\n\t\t\t\t<\/div>\n\t\t\t\t\t<\/div>\n\t\t<\/div>\n\t\t\t\t\t<\/div>\n\t\t<\/section>\n\t\t\t\t<section class=\"elementor-section elementor-top-section elementor-element elementor-element-a01d920 elementor-section-boxed elementor-section-height-default elementor-section-height-default\" data-id=\"a01d920\" data-element_type=\"section\">\n\t\t\t\t\t\t<div class=\"elementor-container elementor-column-gap-default\">\n\t\t\t\t\t<div class=\"elementor-column elementor-col-100 elementor-top-column elementor-element elementor-element-03cd0ba\" data-id=\"03cd0ba\" data-element_type=\"column\">\n\t\t\t<div class=\"elementor-widget-wrap elementor-element-populated\">\n\t\t\t\t\t\t<div class=\"elementor-element elementor-element-76b032e elementor-widget__width-initial elementor-widget elementor-widget-text-editor\" data-id=\"76b032e\" data-element_type=\"widget\" data-widget_type=\"text-editor.default\">\n\t\t\t\t<div class=\"elementor-widget-container\">\n\t\t\t\t\t\t\t<p><strong>1. Yleinen vastuuvapauslauseke<\/strong><br \/>Sivuston sis\u00e4lt\u00f6 ja materiaalit tarjotaan <strong>\u201dsellaisena kuin ne ovat\u201d<\/strong>ja ainoastaan tiedotus- tai tiedoksiantoa varten. Emme takaa mink\u00e4\u00e4n sivustolla esitetyn tiedon paikkansapit\u00e4vyytt\u00e4, t\u00e4ydellisyytt\u00e4, ajankohtaisuutta tai luotettavuutta, mukaan lukien karttamerkint\u00f6jen sijainnit, kolmannen osapuolen linkit tai upotettu\/jaettu media (esimerkiksi YouTube-videot). Tarkista aina kriittiset tiedot (kuten osoitteet, sijainnit, aukioloajat, turvallisuusolosuhteet) itsen\u00e4isesti ennen niihin luottamista.<\/p><p><strong>2. Kolmannen osapuolen sis\u00e4lt\u00f6<\/strong><br \/>T\u00e4m\u00e4 sivusto sis\u00e4lt\u00e4\u00e4 kartan, linkkej\u00e4, videoita tai muuta kolmannen osapuolen omistamaa tai is\u00e4nn\u00f6im\u00e4\u00e4 sis\u00e4lt\u00f6\u00e4 (<strong>\u201dKolmannen osapuolen sis\u00e4lt\u00f6\u201d<\/strong>). Me:<\/p><ul><li><p><strong>Emme tue, valvo tai ota vastuuta<\/strong>\u00a0Kolmannen osapuolen sis\u00e4ll\u00f6st\u00e4;<\/p><\/li><li><p>Vapaudumme vastuusta kaikesta vahingosta, menetyksest\u00e4 tai vahingoista, jotka johtuvat Kolmannen osapuolen sis\u00e4ll\u00f6n k\u00e4yt\u00f6st\u00e4 tai siihen luottamisesta;<\/p><\/li><li><p>Suosittelemme, ett\u00e4 tutustut kolmannen osapuolen ehtoihin (esimerkiksi YouTuben k\u00e4yt\u00e4nt\u00f6ihin) ennen sis\u00e4ll\u00f6n k\u00e4ytt\u00f6\u00e4.<\/p><\/li><\/ul><p><strong>3. Turvallisuus ja riskien hyv\u00e4ksynt\u00e4<\/strong><br \/>Jotkut sivuston sis\u00e4ll\u00f6t saattavat esitt\u00e4\u00e4 paikkoja, toimintoja tai olosuhteita, joihin liittyy\u00a0<strong>luontaisia riskej\u00e4<\/strong>\u00a0(kuten jyrkki\u00e4 rinteit\u00e4 tai vaarallisia ymp\u00e4rist\u00f6j\u00e4). Hyv\u00e4ksyt seuraavat ehdot:<\/p><ul><li><p>Me\u00a0<strong>emme tue tai kannusta<\/strong>\u00a0videolla n\u00e4htyjen toimintojen toistamista;<\/p><\/li><li><p>Otat\u00a0<strong>t\u00e4yden vastuun<\/strong>\u00a0turvallisuuden, fyysisen kunnon ja paikallisten olosuhteiden arvioinnista ennen mink\u00e4\u00e4n paikan vierailua;<\/p><\/li><li><p>Emme ole vastuussa vammoista, omaisuusvahingoista tai muista vahingoista, jotka johtuvat sivuston sis\u00e4ll\u00f6n k\u00e4yt\u00f6st\u00e4.<\/p><\/li><\/ul><p><strong>4. Palvelun saatavuus<\/strong><br \/>Pid\u00e4t\u00e4mme oikeuden\u00a0<strong>muuttaa, keskeytt\u00e4\u00e4 tai lopettaa<\/strong>\u00a0sivuston tai sen osan toiminta milloin tahansa ilman ennakkoilmoitusta. Emme takaa katkeamatonta, virheet\u00f6nt\u00e4 tai turvallista p\u00e4\u00e4sy\u00e4 sivustolle.<\/p><p><strong>5. Tekij\u00e4n- ja immateriaalioikeudet<\/strong><br \/>Kaikki alkuper\u00e4iset logot, tekstit, grafiikat, suunnittelut ja sis\u00e4ll\u00f6n kokoelmat ovat meid\u00e4n\u00a0<strong>yksinomaista omaisuuttamme<\/strong>\u00a0tai lisensoitu meille, ja ne ovat tekij\u00e4noikeus- ja tavaramerkkilakein suojattuja. On kielletty\u00e4 k\u00e4ytt\u00e4\u00e4, j\u00e4ljent\u00e4\u00e4 tai muokata n\u00e4it\u00e4 immateriaalioikeuksia ilman etuk\u00e4teist\u00e4 kirjallista lupaa.<\/p><p><strong>6. Vastuunrajoitus<\/strong><br \/>Laissa sallituissa rajoissa\u00a0<strong>vapaudumme<\/strong>\u00a0seuraavista vastuista:<\/p><ul><li><p>Suorista, satunnaisista tai v\u00e4lillisist\u00e4 vahingoista, jotka johtuvat sivuston k\u00e4yt\u00f6st\u00e4;<\/p><\/li><li><p>Sis\u00e4ll\u00f6ss\u00e4 esiintyvist\u00e4 virheist\u00e4, puutteista tai ep\u00e4tarkkuuksista;<\/p><\/li><li><p>Viruksista, haittaohjelmista tai teknisi\u00e4 h\u00e4iri\u00f6it\u00e4, joita kolmannet osapuolet aiheuttavat.<\/p><\/li><\/ul>\t\t\t\t\t\t<\/div>\n\t\t\t\t<\/div>\n\t\t\t\t\t<\/div>\n\t\t<\/div>\n\t\t\t\t\t<\/div>\n\t\t<\/section>\n\t\t\t\t<\/div>","protected":false},"excerpt":{"rendered":"<p>Legal and Other Dislaimers 1. General Information DisclaimerThe content and materials on this Website are provided \u201cas-is\u201d and for informational purposes only. We do not guarantee the accuracy, completeness, timeliness, or reliability of any information, including the locations of map markers, third-party links, or embedded media (e.g., YouTube videos). Always verify critical details (e.g., addresses, &hellip;<\/p>\n<p class=\"read-more\"> <a class=\"\" href=\"https:\/\/www.mapsees.com\/fi\/disclaimer\/\"> <span class=\"screen-reader-text\">Vastuuvapauslauseke<\/span> Read More &raquo;<\/a><\/p>","protected":false},"author":1,"featured_media":0,"parent":0,"menu_order":0,"comment_status":"closed","ping_status":"closed","template":"","meta":{"om_disable_all_campaigns":false,"_mi_skip_tracking":false,"_monsterinsights_skip_tracking":false,"_monsterinsights_sitenote_active":false,"_monsterinsights_sitenote_note":"","_monsterinsights_sitenote_category":0,"site-sidebar-layout":"no-sidebar","site-content-layout":"page-builder","ast-global-header-display":"","ast-main-header-display":"","ast-hfb-above-header-display":"","ast-hfb-below-header-display":"","ast-hfb-mobile-header-display":"","site-post-title":"disabled","ast-breadcrumbs-content":"","ast-featured-img":"disabled","footer-sml-layout":"","theme-transparent-header-meta":"default","adv-header-id-meta":"","stick-header-meta":"","header-above-stick-meta":"","header-main-stick-meta":"","header-below-stick-meta":"","footnotes":""},"class_list":["post-5888","page","type-page","status-publish","hentry"],"acf":[],"aioseo_notices":[],"_links":{"self":[{"href":"https:\/\/www.mapsees.com\/fi\/wp-json\/wp\/v2\/pages\/5888","targetHints":{"allow":["GET"]}}],"collection":[{"href":"https:\/\/www.mapsees.com\/fi\/wp-json\/wp\/v2\/pages"}],"about":[{"href":"https:\/\/www.mapsees.com\/fi\/wp-json\/wp\/v2\/types\/page"}],"author":[{"embeddable":true,"href":"https:\/\/www.mapsees.com\/fi\/wp-json\/wp\/v2\/users\/1"}],"replies":[{"embeddable":true,"href":"https:\/\/www.mapsees.com\/fi\/wp-json\/wp\/v2\/comments?post=5888"}],"version-history":[{"count":17,"href":"https:\/\/www.mapsees.com\/fi\/wp-json\/wp\/v2\/pages\/5888\/revisions"}],"predecessor-version":[{"id":6936,"href":"https:\/\/www.mapsees.com\/fi\/wp-json\/wp\/v2\/pages\/5888\/revisions\/6936"}],"wp:attachment":[{"href":"https:\/\/www.mapsees.com\/fi\/wp-json\/wp\/v2\/media?parent=5888"}],"curies":[{"name":"wp","href":"https:\/\/api.w.org\/{rel}","templated":true}]}}