{"id":6729,"date":"2025-03-10T18:58:52","date_gmt":"2025-03-10T18:58:52","guid":{"rendered":"https:\/\/www.mapsees.com\/?page_id=6729"},"modified":"2025-03-21T09:07:44","modified_gmt":"2025-03-21T09:07:44","slug":"about-us","status":"publish","type":"page","link":"https:\/\/www.mapsees.com\/fi\/about-us\/","title":{"rendered":"Tietoja meist\u00e4"},"content":{"rendered":"<div data-elementor-type=\"wp-page\" data-elementor-id=\"6729\" class=\"elementor elementor-6729\" data-elementor-post-type=\"page\">\n\t\t\t\t\t\t<section class=\"elementor-section elementor-top-section elementor-element elementor-element-a4f1192 elementor-section-boxed elementor-section-height-default elementor-section-height-default\" data-id=\"a4f1192\" data-element_type=\"section\">\n\t\t\t\t\t\t<div class=\"elementor-container elementor-column-gap-default\">\n\t\t\t\t\t<div class=\"elementor-column elementor-col-100 elementor-top-column elementor-element elementor-element-e2aefcd\" data-id=\"e2aefcd\" data-element_type=\"column\">\n\t\t\t<div class=\"elementor-widget-wrap elementor-element-populated\">\n\t\t\t\t\t\t<div class=\"elementor-element elementor-element-e923952 elementor-widget elementor-widget-spacer\" data-id=\"e923952\" data-element_type=\"widget\" data-widget_type=\"spacer.default\">\n\t\t\t\t<div class=\"elementor-widget-container\">\n\t\t\t\t\t<div class=\"elementor-spacer\">\n\t\t\t<div class=\"elementor-spacer-inner\"><\/div>\n\t\t<\/div>\n\t\t\t\t<\/div>\n\t\t\t\t<\/div>\n\t\t\t\t\t<\/div>\n\t\t<\/div>\n\t\t\t\t\t<\/div>\n\t\t<\/section>\n\t\t\t\t<section class=\"elementor-section elementor-top-section elementor-element elementor-element-55863fb elementor-section-boxed elementor-section-height-default elementor-section-height-default\" data-id=\"55863fb\" data-element_type=\"section\">\n\t\t\t\t\t\t<div class=\"elementor-container elementor-column-gap-default\">\n\t\t\t\t\t<div class=\"elementor-column elementor-col-100 elementor-top-column elementor-element elementor-element-45934fc\" data-id=\"45934fc\" data-element_type=\"column\">\n\t\t\t<div class=\"elementor-widget-wrap elementor-element-populated\">\n\t\t\t\t\t\t<div class=\"elementor-element elementor-element-6800634 elementor-widget elementor-widget-heading\" data-id=\"6800634\" data-element_type=\"widget\" data-widget_type=\"heading.default\">\n\t\t\t\t<div class=\"elementor-widget-container\">\n\t\t\t<h3 class=\"elementor-heading-title elementor-size-default\">Tietoja meist\u00e4<\/h3>\t\t<\/div>\n\t\t\t\t<\/div>\n\t\t\t\t\t<\/div>\n\t\t<\/div>\n\t\t\t\t\t<\/div>\n\t\t<\/section>\n\t\t\t\t<section class=\"elementor-section elementor-top-section elementor-element elementor-element-193e85e elementor-section-boxed elementor-section-height-default elementor-section-height-default\" data-id=\"193e85e\" data-element_type=\"section\">\n\t\t\t\t\t\t<div class=\"elementor-container elementor-column-gap-default\">\n\t\t\t\t\t<div class=\"elementor-column elementor-col-100 elementor-top-column elementor-element elementor-element-4585095\" data-id=\"4585095\" data-element_type=\"column\">\n\t\t\t<div class=\"elementor-widget-wrap elementor-element-populated\">\n\t\t\t\t\t\t<div class=\"elementor-element elementor-element-4f49adc elementor-widget elementor-widget-text-editor\" data-id=\"4f49adc\" data-element_type=\"widget\" data-widget_type=\"text-editor.default\">\n\t\t\t\t<div class=\"elementor-widget-container\">\n\t\t\t\t\t\t\t<p>Me Mapseesilla uskomme, ett\u00e4 paras tapa l\u00f6yt\u00e4\u00e4 seuraava matkustuskohteesi on n\u00e4hd\u00e4 milt\u00e4 kohde n\u00e4ytt\u00e4\u00e4 todellisuudessa - eli videon kautta.<br \/><span style=\"font-style: inherit; font-weight: inherit; color: var( --e-global-color-accent ); background-color: var(--ast-global-color-5);\">Alustamme liitt\u00e4\u00e4 uteliaat matkustelijat turistin\u00e4ht\u00e4vyyksiin ja jaamme siten kartan, joka koostuu lukuisista kiehtovista videoista ymp\u00e4ri maailmaa.<\/span><\/p>\t\t\t\t\t\t<\/div>\n\t\t\t\t<\/div>\n\t\t\t\t\t<\/div>\n\t\t<\/div>\n\t\t\t\t\t<\/div>\n\t\t<\/section>\n\t\t\t\t<section class=\"elementor-section elementor-top-section elementor-element elementor-element-7331a0a elementor-section-boxed elementor-section-height-default elementor-section-height-default\" data-id=\"7331a0a\" data-element_type=\"section\">\n\t\t\t\t\t\t<div class=\"elementor-container elementor-column-gap-default\">\n\t\t\t\t\t<div class=\"elementor-column elementor-col-100 elementor-top-column elementor-element elementor-element-d5017cd\" data-id=\"d5017cd\" data-element_type=\"column\">\n\t\t\t<div class=\"elementor-widget-wrap elementor-element-populated\">\n\t\t\t\t\t\t<div class=\"elementor-element elementor-element-6fb8921 elementor-widget elementor-widget-heading\" data-id=\"6fb8921\" data-element_type=\"widget\" data-widget_type=\"heading.default\">\n\t\t\t\t<div class=\"elementor-widget-container\">\n\t\t\t<h2 class=\"elementor-heading-title elementor-size-default\">Tavoitteemme<\/h2>\t\t<\/div>\n\t\t\t\t<\/div>\n\t\t\t\t\t<\/div>\n\t\t<\/div>\n\t\t\t\t\t<\/div>\n\t\t<\/section>\n\t\t\t\t<section class=\"elementor-section elementor-top-section elementor-element elementor-element-fe1b51e elementor-section-boxed elementor-section-height-default elementor-section-height-default\" data-id=\"fe1b51e\" data-element_type=\"section\">\n\t\t\t\t\t\t<div class=\"elementor-container elementor-column-gap-default\">\n\t\t\t\t\t<div class=\"elementor-column elementor-col-100 elementor-top-column elementor-element elementor-element-291c09c\" data-id=\"291c09c\" data-element_type=\"column\">\n\t\t\t<div class=\"elementor-widget-wrap elementor-element-populated\">\n\t\t\t\t\t\t<div class=\"elementor-element elementor-element-508b7c0 elementor-widget elementor-widget-text-editor\" data-id=\"508b7c0\" data-element_type=\"widget\" data-widget_type=\"text-editor.default\">\n\t\t\t\t<div class=\"elementor-widget-container\">\n\t\t\t\t\t\t\t<p>Me tavoittelemme matkailijoiden:<\/p><ul><li>P\u00e4\u00e4tt\u00e4m\u00e4\u00e4n heid\u00e4n seuraavan matkustuskohteen helpommin tarjoamalla kartan avuksi tutkimista varten. Tutki tunnettuja ja my\u00f6s joitakin piilossa olevia turistikohteita ja ikonisia n\u00e4ht\u00e4vyyksia kartasta. Siten jokainen voi p\u00e4\u00e4tt\u00e4\u00e4 helpommin minne matkustaa. Miss\u00e4 vain he ovat, esimerkiksi kotona p\u00e4\u00e4tt\u00e4m\u00e4ss\u00e4 minne matkustaa tai jopa kohdekaupungissa, niin he voivat navigoida n\u00e4ht\u00e4vyyden luokse k\u00e4ytt\u00e4en karttaa apuna.<\/li><\/ul><p>Me tulemme my\u00f6s:<\/p><ul><li>Lis\u00e4\u00e4m\u00e4\u00e4n sellaisten videoiden m\u00e4\u00e4r\u00e4\u00e4 kartassa, jotka ovat ladattuina Youtubeen.<\/li><li>Kuvaamaan lis\u00e4\u00e4 videoita ja lis\u00e4\u00e4m\u00e4\u00e4n ne karttaan.<\/li><\/ul>\t\t\t\t\t\t<\/div>\n\t\t\t\t<\/div>\n\t\t\t\t\t<\/div>\n\t\t<\/div>\n\t\t\t\t\t<\/div>\n\t\t<\/section>\n\t\t\t\t<section class=\"elementor-section elementor-top-section elementor-element elementor-element-cd4e1c6 elementor-section-boxed elementor-section-height-default elementor-section-height-default\" data-id=\"cd4e1c6\" data-element_type=\"section\">\n\t\t\t\t\t\t<div class=\"elementor-container elementor-column-gap-default\">\n\t\t\t\t\t<div class=\"elementor-column elementor-col-100 elementor-top-column elementor-element elementor-element-5b20193\" data-id=\"5b20193\" data-element_type=\"column\">\n\t\t\t<div class=\"elementor-widget-wrap elementor-element-populated\">\n\t\t\t\t\t\t<div class=\"elementor-element elementor-element-1f46e2d elementor-widget elementor-widget-heading\" data-id=\"1f46e2d\" data-element_type=\"widget\" data-widget_type=\"heading.default\">\n\t\t\t\t<div class=\"elementor-widget-container\">\n\t\t\t<h2 class=\"elementor-heading-title elementor-size-default\">Miten se toimii<\/h2>\t\t<\/div>\n\t\t\t\t<\/div>\n\t\t\t\t<div class=\"elementor-element elementor-element-50493ac elementor-widget elementor-widget-text-editor\" data-id=\"50493ac\" data-element_type=\"widget\" data-widget_type=\"text-editor.default\">\n\t\t\t\t<div class=\"elementor-widget-container\">\n\t\t\t\t\t\t\t<p>Sivustomme k\u00e4ytt\u00f6 on yksikertaista ja ilmaista, mene vain etusivulle ja aloita kartan tutkiminen. Kartta tarjoaa jaettuja videoita l\u00e4hes kaikkialta maailmasta. Olemme liitt\u00e4neet l\u00e4hes jokaiselle markkerille kolmannen osapuolen linkin lis\u00e4tietoja varten, esimerkiksi koskien aukioloaikoja. Kartta sis\u00e4lt\u00e4\u00e4 seuraavia videotyyppej\u00e4:<\/p><ul><li>Luonto<\/li><li>Kaupunki<\/li><li>Urheilu<\/li><li>Uskonto (kirkot, katedraalit, aktiiviset temppelit jne.)<\/li><li>Historia (palatsit, linnat, maailmanperint\u00f6kohteita jne.)<\/li><li>Museot<\/li><li>Lapset (huvi- ja vesipuistot, el\u00e4intarhat jne.)<\/li><li>Top 10 jokaisessa maassa<\/li><li>Mapsees tuotanto<\/li><\/ul><p>Jos et l\u00f6yd\u00e4 videota alueelta, josta olet kiinnostunut, niin voit <a href=\"https:\/\/www.mapsees.com\/fi\/submit-video\/\">ehdottaa videota<\/a> ja voimme lis\u00e4t\u00e4 sen karttaan. Toisaalta, jos sinulla ei ole ehdotettavaa videota, niin olisimme kiinnostuneita <a href=\"https:\/\/www.mapsees.com\/fi\/video-services\/\">kuvaamaan n\u00e4ht\u00e4vyyden<\/a> ja tekem\u00e4\u00e4n ammattitasoisen videon siit\u00e4.<\/p>\t\t\t\t\t\t<\/div>\n\t\t\t\t<\/div>\n\t\t\t\t\t<\/div>\n\t\t<\/div>\n\t\t\t\t\t<\/div>\n\t\t<\/section>\n\t\t\t\t<section class=\"elementor-section elementor-top-section elementor-element elementor-element-505e245 elementor-section-boxed elementor-section-height-default elementor-section-height-default\" data-id=\"505e245\" data-element_type=\"section\">\n\t\t\t\t\t\t<div class=\"elementor-container elementor-column-gap-default\">\n\t\t\t\t\t<div class=\"elementor-column elementor-col-100 elementor-top-column elementor-element elementor-element-ac9edd1\" data-id=\"ac9edd1\" data-element_type=\"column\">\n\t\t\t<div class=\"elementor-widget-wrap elementor-element-populated\">\n\t\t\t\t\t\t<div class=\"elementor-element elementor-element-59047cc elementor-widget elementor-widget-text-editor\" data-id=\"59047cc\" data-element_type=\"widget\" data-widget_type=\"text-editor.default\">\n\t\t\t\t<div class=\"elementor-widget-container\">\n\t\t\t\t\t\t\t<p>Her\u00e4sik\u00f6 sinulla kysymyksi\u00e4? Voit suunnata <a href=\"https:\/\/www.mapsees.com\/fi\/contact\/\">ota yhteytt\u00e4 sivulle<\/a>. Lis\u00e4ksi lis\u00e4\u00e4 tietoa l\u00f6yd\u00e4t sivuiltamme <a href=\"https:\/\/www.mapsees.com\/fi\/terms-of-use\/\">K\u00e4ytt\u00f6ehdot<\/a> ja <a href=\"https:\/\/www.mapsees.com\/fi\/disclaimer\/\">vastuuvapauslauseke<\/a>.<\/p>\t\t\t\t\t\t<\/div>\n\t\t\t\t<\/div>\n\t\t\t\t\t<\/div>\n\t\t<\/div>\n\t\t\t\t\t<\/div>\n\t\t<\/section>\n\t\t\t\t<\/div>","protected":false},"excerpt":{"rendered":"<p>About Us At Mapsees, we believe the best way to discover your next destination is to see how it looks like in reality &#8211; so through a video.Our platform connects curious travelers to tourist attractions by offering a map with numerous videos into the world\u2019s most captivating places. Our Mission We empower travelers to: Decide &hellip;<\/p>\n<p class=\"read-more\"> <a class=\"\" href=\"https:\/\/www.mapsees.com\/fi\/about-us\/\"> <span class=\"screen-reader-text\">Tietoja meist\u00e4<\/span> Read More &raquo;<\/a><\/p>","protected":false},"author":1,"featured_media":0,"parent":0,"menu_order":0,"comment_status":"closed","ping_status":"closed","template":"","meta":{"om_disable_all_campaigns":false,"_mi_skip_tracking":false,"_monsterinsights_skip_tracking":false,"_monsterinsights_sitenote_active":false,"_monsterinsights_sitenote_note":"","_monsterinsights_sitenote_category":0,"site-sidebar-layout":"no-sidebar","site-content-layout":"page-builder","ast-global-header-display":"","ast-main-header-display":"","ast-hfb-above-header-display":"","ast-hfb-below-header-display":"","ast-hfb-mobile-header-display":"","site-post-title":"disabled","ast-breadcrumbs-content":"","ast-featured-img":"disabled","footer-sml-layout":"","theme-transparent-header-meta":"default","adv-header-id-meta":"","stick-header-meta":"","header-above-stick-meta":"","header-main-stick-meta":"","header-below-stick-meta":"","footnotes":""},"class_list":["post-6729","page","type-page","status-publish","hentry"],"acf":[],"aioseo_notices":[],"_links":{"self":[{"href":"https:\/\/www.mapsees.com\/fi\/wp-json\/wp\/v2\/pages\/6729","targetHints":{"allow":["GET"]}}],"collection":[{"href":"https:\/\/www.mapsees.com\/fi\/wp-json\/wp\/v2\/pages"}],"about":[{"href":"https:\/\/www.mapsees.com\/fi\/wp-json\/wp\/v2\/types\/page"}],"author":[{"embeddable":true,"href":"https:\/\/www.mapsees.com\/fi\/wp-json\/wp\/v2\/users\/1"}],"replies":[{"embeddable":true,"href":"https:\/\/www.mapsees.com\/fi\/wp-json\/wp\/v2\/comments?post=6729"}],"version-history":[{"count":85,"href":"https:\/\/www.mapsees.com\/fi\/wp-json\/wp\/v2\/pages\/6729\/revisions"}],"predecessor-version":[{"id":6897,"href":"https:\/\/www.mapsees.com\/fi\/wp-json\/wp\/v2\/pages\/6729\/revisions\/6897"}],"wp:attachment":[{"href":"https:\/\/www.mapsees.com\/fi\/wp-json\/wp\/v2\/media?parent=6729"}],"curies":[{"name":"wp","href":"https:\/\/api.w.org\/{rel}","templated":true}]}}