{"id":7023,"date":"2025-04-06T07:30:38","date_gmt":"2025-04-06T07:30:38","guid":{"rendered":"https:\/\/www.mapsees.com\/?page_id=7023"},"modified":"2025-04-06T15:42:35","modified_gmt":"2025-04-06T15:42:35","slug":"cookie-policy","status":"publish","type":"page","link":"https:\/\/www.mapsees.com\/fi\/cookie-policy\/","title":{"rendered":"Ev\u00e4steiden k\u00e4ytt\u00f6"},"content":{"rendered":"<div data-elementor-type=\"wp-page\" data-elementor-id=\"7023\" class=\"elementor elementor-7023\" data-elementor-post-type=\"page\">\n\t\t\t\t\t\t<section class=\"elementor-section elementor-top-section elementor-element elementor-element-55863fb elementor-section-boxed elementor-section-height-default elementor-section-height-default\" data-id=\"55863fb\" data-element_type=\"section\">\n\t\t\t\t\t\t<div class=\"elementor-container elementor-column-gap-default\">\n\t\t\t\t\t<div class=\"elementor-column elementor-col-100 elementor-top-column elementor-element elementor-element-45934fc\" data-id=\"45934fc\" data-element_type=\"column\">\n\t\t\t<div class=\"elementor-widget-wrap elementor-element-populated\">\n\t\t\t\t\t\t<div class=\"elementor-element elementor-element-6800634 elementor-widget elementor-widget-heading\" data-id=\"6800634\" data-element_type=\"widget\" data-widget_type=\"heading.default\">\n\t\t\t\t<div class=\"elementor-widget-container\">\n\t\t\t<h3 class=\"elementor-heading-title elementor-size-default\">Mapsees Cookie Policy<\/h3>\t\t<\/div>\n\t\t\t\t<\/div>\n\t\t\t\t\t<\/div>\n\t\t<\/div>\n\t\t\t\t\t<\/div>\n\t\t<\/section>\n\t\t\t\t<section class=\"elementor-section elementor-top-section elementor-element elementor-element-193e85e elementor-section-boxed elementor-section-height-default elementor-section-height-default\" data-id=\"193e85e\" data-element_type=\"section\">\n\t\t\t\t\t\t<div class=\"elementor-container elementor-column-gap-default\">\n\t\t\t\t\t<div class=\"elementor-column elementor-col-100 elementor-top-column elementor-element elementor-element-4585095\" data-id=\"4585095\" data-element_type=\"column\">\n\t\t\t<div class=\"elementor-widget-wrap elementor-element-populated\">\n\t\t\t\t\t\t<div class=\"elementor-element elementor-element-4f49adc elementor-widget elementor-widget-text-editor\" data-id=\"4f49adc\" data-element_type=\"widget\" data-widget_type=\"text-editor.default\">\n\t\t\t\t<div class=\"elementor-widget-container\">\n\t\t\t\t\t\t\t<p>We use cookies to help improve your experience of our website at\u00a0<a href=\"https:\/\/www.mapsees.com\/fi\/\">https:\/\/www.mapsees.com<\/a>. This cookie policy is part of Mapsees&#8217;s privacy policy. It covers the use of cookies between your device and our site.<\/p><p>We also provide basic information on third-party services we may use, who may also use cookies as part of their service. This policy does not cover their cookies.<\/p><p>If you don\u2019t wish to accept cookies from us, you should instruct your browser to refuse cookies from\u00a0<a href=\"https:\/\/www.mapsees.com\/fi\/\">https:\/\/www.mapsees.com<\/a>. In such a case, we may be unable to provide you with some of your desired content and services.<\/p><p style=\"box-sizing: inherit; margin-top: calc(17.5px + 0.78125vw); margin-bottom: 1rem; color: #595d6b; font-family: Graphik, Calibre, 'Helvetica Neue', Helvetica, Arial, 'Lucida Grande', sans-serif; font-size: 18px; font-style: normal; font-weight: 400; letter-spacing: -0.25px;\">This policy is effective as of 4 April 2025<\/p><p style=\"box-sizing: inherit; margin-top: calc(17.5px + 0.78125vw); margin-bottom: 1rem; color: #595d6b; font-family: Graphik, Calibre, 'Helvetica Neue', Helvetica, Arial, 'Lucida Grande', sans-serif; font-size: 18px; font-style: normal; font-weight: 400; letter-spacing: -0.25px;\">Last updated: 4 April 2025<\/p>\t\t\t\t\t\t<\/div>\n\t\t\t\t<\/div>\n\t\t\t\t\t<\/div>\n\t\t<\/div>\n\t\t\t\t\t<\/div>\n\t\t<\/section>\n\t\t\t\t<section class=\"elementor-section elementor-top-section elementor-element elementor-element-e32a098 elementor-section-boxed elementor-section-height-default elementor-section-height-default\" data-id=\"e32a098\" data-element_type=\"section\">\n\t\t\t\t\t\t<div class=\"elementor-container elementor-column-gap-default\">\n\t\t\t\t\t<div class=\"elementor-column elementor-col-100 elementor-top-column elementor-element elementor-element-e74d895\" data-id=\"e74d895\" data-element_type=\"column\">\n\t\t\t<div class=\"elementor-widget-wrap elementor-element-populated\">\n\t\t\t\t\t\t<div class=\"elementor-element elementor-element-690a861 elementor-widget elementor-widget-heading\" data-id=\"690a861\" data-element_type=\"widget\" data-widget_type=\"heading.default\">\n\t\t\t\t<div class=\"elementor-widget-container\">\n\t\t\t<h2 class=\"elementor-heading-title elementor-size-default\">What is a cookie?<\/h2>\t\t<\/div>\n\t\t\t\t<\/div>\n\t\t\t\t\t<\/div>\n\t\t<\/div>\n\t\t\t\t\t<\/div>\n\t\t<\/section>\n\t\t\t\t<section class=\"elementor-section elementor-top-section elementor-element elementor-element-7134302 elementor-section-boxed elementor-section-height-default elementor-section-height-default\" data-id=\"7134302\" data-element_type=\"section\">\n\t\t\t\t\t\t<div class=\"elementor-container elementor-column-gap-default\">\n\t\t\t\t\t<div class=\"elementor-column elementor-col-100 elementor-top-column elementor-element elementor-element-dc3f2b8\" data-id=\"dc3f2b8\" data-element_type=\"column\">\n\t\t\t<div class=\"elementor-widget-wrap elementor-element-populated\">\n\t\t\t\t\t\t<div class=\"elementor-element elementor-element-77d8f73 elementor-widget elementor-widget-text-editor\" data-id=\"77d8f73\" data-element_type=\"widget\" data-widget_type=\"text-editor.default\">\n\t\t\t\t<div class=\"elementor-widget-container\">\n\t\t\t\t\t\t\t<p>A cookie is a small piece of data that a website stores on your device when you visit. It typically contains information about the website itself, a unique identifier that allows the site to recognise your web browser when you return, additional data that serves the cookie\u2019s purpose, and the lifespan of the cookie itself.<\/p><p>Cookies are used to enable certain features (e.g. logging in), track site usage (e.g. analytics), store your user settings (e.g. time zone, notification preferences), and to personalise your content (e.g. advertising, language).<\/p><p>Cookies set by the website you are visiting are usually referred to as first-party cookies. They typically only track your activity on that particular site.<\/p><p>Cookies set by other sites and companies (i.e. third parties) are called third-party cookies. They can be used to track you on other websites that use the same third-party service.<\/p>\t\t\t\t\t\t<\/div>\n\t\t\t\t<\/div>\n\t\t\t\t\t<\/div>\n\t\t<\/div>\n\t\t\t\t\t<\/div>\n\t\t<\/section>\n\t\t\t\t<section class=\"elementor-section elementor-top-section elementor-element elementor-element-4a587c6 elementor-section-boxed elementor-section-height-default elementor-section-height-default\" data-id=\"4a587c6\" data-element_type=\"section\">\n\t\t\t\t\t\t<div class=\"elementor-container elementor-column-gap-default\">\n\t\t\t\t\t<div class=\"elementor-column elementor-col-100 elementor-top-column elementor-element elementor-element-0089790\" data-id=\"0089790\" data-element_type=\"column\">\n\t\t\t<div class=\"elementor-widget-wrap elementor-element-populated\">\n\t\t\t\t\t\t<div class=\"elementor-element elementor-element-c61767f elementor-widget elementor-widget-heading\" data-id=\"c61767f\" data-element_type=\"widget\" data-widget_type=\"heading.default\">\n\t\t\t\t<div class=\"elementor-widget-container\">\n\t\t\t<h2 class=\"elementor-heading-title elementor-size-default\">Types of cookies and how we use them<\/h2>\t\t<\/div>\n\t\t\t\t<\/div>\n\t\t\t\t\t<\/div>\n\t\t<\/div>\n\t\t\t\t\t<\/div>\n\t\t<\/section>\n\t\t\t\t<section class=\"elementor-section elementor-top-section elementor-element elementor-element-ae6c5fb elementor-section-boxed elementor-section-height-default elementor-section-height-default\" data-id=\"ae6c5fb\" data-element_type=\"section\">\n\t\t\t\t\t\t<div class=\"elementor-container elementor-column-gap-default\">\n\t\t\t\t\t<div class=\"elementor-column elementor-col-100 elementor-top-column elementor-element elementor-element-9809a00\" data-id=\"9809a00\" data-element_type=\"column\">\n\t\t\t<div class=\"elementor-widget-wrap elementor-element-populated\">\n\t\t\t\t\t\t<div class=\"elementor-element elementor-element-e3474eb elementor-widget elementor-widget-text-editor\" data-id=\"e3474eb\" data-element_type=\"widget\" data-widget_type=\"text-editor.default\">\n\t\t\t\t<div class=\"elementor-widget-container\">\n\t\t\t\t\t\t\t<h4>Performance cookies<\/h4><p>Performance cookies track how you use a website during your visit. Typically, this information is anonymous and aggregated, with information tracked across all site users. They help companies understand visitor usage patterns, identify and diagnose problems or errors their users may encounter, and make better strategic decisions in improving their audience\u2019s overall website experience. These cookies may be set by the website you\u2019re visiting (first-party) or by third-party services. They do not collect personal information about you.<\/p><p>We use performance cookies on our site.<\/p>\t\t\t\t\t\t<\/div>\n\t\t\t\t<\/div>\n\t\t\t\t\t<\/div>\n\t\t<\/div>\n\t\t\t\t\t<\/div>\n\t\t<\/section>\n\t\t\t\t<section class=\"elementor-section elementor-top-section elementor-element elementor-element-8cba3ef elementor-section-boxed elementor-section-height-default elementor-section-height-default\" data-id=\"8cba3ef\" data-element_type=\"section\">\n\t\t\t\t\t\t<div class=\"elementor-container elementor-column-gap-default\">\n\t\t\t\t\t<div class=\"elementor-column elementor-col-100 elementor-top-column elementor-element elementor-element-11e2540\" data-id=\"11e2540\" data-element_type=\"column\">\n\t\t\t<div class=\"elementor-widget-wrap elementor-element-populated\">\n\t\t\t\t\t\t<div class=\"elementor-element elementor-element-a420256 elementor-widget elementor-widget-heading\" data-id=\"a420256\" data-element_type=\"widget\" data-widget_type=\"heading.default\">\n\t\t\t\t<div class=\"elementor-widget-container\">\n\t\t\t<h2 class=\"elementor-heading-title elementor-size-default\">How Can You Control Our Website's Use of Cookies?<\/h2>\t\t<\/div>\n\t\t\t\t<\/div>\n\t\t\t\t\t<\/div>\n\t\t<\/div>\n\t\t\t\t\t<\/div>\n\t\t<\/section>\n\t\t\t\t<section class=\"elementor-section elementor-top-section elementor-element elementor-element-72ab464 elementor-section-boxed elementor-section-height-default elementor-section-height-default\" data-id=\"72ab464\" data-element_type=\"section\">\n\t\t\t\t\t\t<div class=\"elementor-container elementor-column-gap-default\">\n\t\t\t\t\t<div class=\"elementor-column elementor-col-100 elementor-top-column elementor-element elementor-element-aac5411\" data-id=\"aac5411\" data-element_type=\"column\">\n\t\t\t<div class=\"elementor-widget-wrap elementor-element-populated\">\n\t\t\t\t\t\t<div class=\"elementor-element elementor-element-b7592ef elementor-widget elementor-widget-text-editor\" data-id=\"b7592ef\" data-element_type=\"widget\" data-widget_type=\"text-editor.default\">\n\t\t\t\t<div class=\"elementor-widget-container\">\n\t\t\t\t\t\t\t<p>You have the right to decide whether to accept or reject cookies on our Website. You can manage your cookie preferences in our Cookie Consent Manager. The Cookie Consent Manager allows you to select which categories of cookies you accept or reject. Essential cookies cannot be rejected as they are strictly necessary to provide you with the services on our Website.<\/p><p>You may also be able to set or amend your cookie preferences by managing your web browser settings. As each web browser is different, please consult the instructions provided by your web browser (typically in the &#8220;help&#8221; section). If you choose to refuse or disable cookies you may still use the Website, though some of the functionality of the Website may not be available to you.<\/p>\t\t\t\t\t\t<\/div>\n\t\t\t\t<\/div>\n\t\t\t\t\t<\/div>\n\t\t<\/div>\n\t\t\t\t\t<\/div>\n\t\t<\/section>\n\t\t\t\t<section class=\"elementor-section elementor-top-section elementor-element elementor-element-5bfd6e1 elementor-section-boxed elementor-section-height-default elementor-section-height-default\" data-id=\"5bfd6e1\" data-element_type=\"section\">\n\t\t\t\t\t\t<div class=\"elementor-container elementor-column-gap-default\">\n\t\t\t\t\t<div class=\"elementor-column elementor-col-100 elementor-top-column elementor-element elementor-element-910f929\" data-id=\"910f929\" data-element_type=\"column\">\n\t\t\t<div class=\"elementor-widget-wrap elementor-element-populated\">\n\t\t\t\t\t\t<div class=\"elementor-element elementor-element-266fe01 elementor-widget elementor-widget-heading\" data-id=\"266fe01\" data-element_type=\"widget\" data-widget_type=\"heading.default\">\n\t\t\t\t<div class=\"elementor-widget-container\">\n\t\t\t<h2 class=\"elementor-heading-title elementor-size-default\">How Often Will We Update This Cookie Policy?<\/h2>\t\t<\/div>\n\t\t\t\t<\/div>\n\t\t\t\t\t<\/div>\n\t\t<\/div>\n\t\t\t\t\t<\/div>\n\t\t<\/section>\n\t\t\t\t<section class=\"elementor-section elementor-top-section elementor-element elementor-element-bde4626 elementor-section-boxed elementor-section-height-default elementor-section-height-default\" data-id=\"bde4626\" data-element_type=\"section\">\n\t\t\t\t\t\t<div class=\"elementor-container elementor-column-gap-default\">\n\t\t\t\t\t<div class=\"elementor-column elementor-col-100 elementor-top-column elementor-element elementor-element-9c9c97e\" data-id=\"9c9c97e\" data-element_type=\"column\">\n\t\t\t<div class=\"elementor-widget-wrap elementor-element-populated\">\n\t\t\t\t\t\t<div class=\"elementor-element elementor-element-49e4821 elementor-widget elementor-widget-text-editor\" data-id=\"49e4821\" data-element_type=\"widget\" data-widget_type=\"text-editor.default\">\n\t\t\t\t<div class=\"elementor-widget-container\">\n\t\t\t\t\t\t\t<p>We may update this Cookie Policy from time to time in order to reflect any changes to the cookies and related technologies we use, or for other operational, legal or regulatory reasons.<\/p><p>Each time you use our Website, the current version of the Cookie Policy will apply. When you use our Website, you should check the date of this Cookie Policy (which appears at the top of this document) and review any changes since the last version.<\/p>\t\t\t\t\t\t<\/div>\n\t\t\t\t<\/div>\n\t\t\t\t\t<\/div>\n\t\t<\/div>\n\t\t\t\t\t<\/div>\n\t\t<\/section>\n\t\t\t\t<section class=\"elementor-section elementor-top-section elementor-element elementor-element-11fe585 elementor-section-boxed elementor-section-height-default elementor-section-height-default\" data-id=\"11fe585\" data-element_type=\"section\">\n\t\t\t\t\t\t<div class=\"elementor-container elementor-column-gap-default\">\n\t\t\t\t\t<div class=\"elementor-column elementor-col-100 elementor-top-column elementor-element elementor-element-0b9fcb8\" data-id=\"0b9fcb8\" data-element_type=\"column\">\n\t\t\t<div class=\"elementor-widget-wrap elementor-element-populated\">\n\t\t\t\t\t\t<div class=\"elementor-element elementor-element-23c7972 elementor-widget elementor-widget-heading\" data-id=\"23c7972\" data-element_type=\"widget\" data-widget_type=\"heading.default\">\n\t\t\t\t<div class=\"elementor-widget-container\">\n\t\t\t<h2 class=\"elementor-heading-title elementor-size-default\">Where Can You Obtain Further Information?<\/h2>\t\t<\/div>\n\t\t\t\t<\/div>\n\t\t\t\t\t<\/div>\n\t\t<\/div>\n\t\t\t\t\t<\/div>\n\t\t<\/section>\n\t\t\t\t<section class=\"elementor-section elementor-top-section elementor-element elementor-element-1a7a726 elementor-section-boxed elementor-section-height-default elementor-section-height-default\" data-id=\"1a7a726\" data-element_type=\"section\">\n\t\t\t\t\t\t<div class=\"elementor-container elementor-column-gap-default\">\n\t\t\t\t\t<div class=\"elementor-column elementor-col-100 elementor-top-column elementor-element elementor-element-48101b1\" data-id=\"48101b1\" data-element_type=\"column\">\n\t\t\t<div class=\"elementor-widget-wrap elementor-element-populated\">\n\t\t\t\t\t\t<div class=\"elementor-element elementor-element-6dfb86a elementor-widget elementor-widget-text-editor\" data-id=\"6dfb86a\" data-element_type=\"widget\" data-widget_type=\"text-editor.default\">\n\t\t\t\t<div class=\"elementor-widget-container\">\n\t\t\t\t\t\t\t<p>For any questions or concerns regarding our Cookie Policy, you may contact us using the following details:<\/p><p style=\"box-sizing: inherit; margin-top: calc(17.5px + 0.78125vw); margin-bottom: 1rem; color: #595d6b; font-family: Graphik, Calibre, 'Helvetica Neue', Helvetica, Arial, 'Lucida Grande', sans-serif; font-size: 18px; font-style: normal; font-weight: 400; letter-spacing: -0.25px;\">Mapsees Support<br style=\"box-sizing: inherit;\" \/>support@mapsees.com<\/p>\t\t\t\t\t\t<\/div>\n\t\t\t\t<\/div>\n\t\t\t\t\t<\/div>\n\t\t<\/div>\n\t\t\t\t\t<\/div>\n\t\t<\/section>\n\t\t\t\t<\/div>","protected":false},"excerpt":{"rendered":"<p>Mapsees Cookie Policy We use cookies to help improve your experience of our website at\u00a0https:\/\/www.mapsees.com. This cookie policy is part of Mapsees&#8217;s privacy policy. It covers the use of cookies between your device and our site. We also provide basic information on third-party services we may use, who may also use cookies as part of &hellip;<\/p>\n<p class=\"read-more\"> <a class=\"\" href=\"https:\/\/www.mapsees.com\/fi\/cookie-policy\/\"> <span class=\"screen-reader-text\">Ev\u00e4steiden k\u00e4ytt\u00f6<\/span> Read More &raquo;<\/a><\/p>","protected":false},"author":1,"featured_media":0,"parent":0,"menu_order":0,"comment_status":"closed","ping_status":"closed","template":"","meta":{"om_disable_all_campaigns":false,"_mi_skip_tracking":false,"_monsterinsights_skip_tracking":false,"_monsterinsights_sitenote_active":false,"_monsterinsights_sitenote_note":"","_monsterinsights_sitenote_category":0,"site-sidebar-layout":"no-sidebar","site-content-layout":"page-builder","ast-global-header-display":"","ast-main-header-display":"","ast-hfb-above-header-display":"","ast-hfb-below-header-display":"","ast-hfb-mobile-header-display":"","site-post-title":"disabled","ast-breadcrumbs-content":"","ast-featured-img":"disabled","footer-sml-layout":"","theme-transparent-header-meta":"default","adv-header-id-meta":"","stick-header-meta":"","header-above-stick-meta":"","header-main-stick-meta":"","header-below-stick-meta":"","footnotes":""},"class_list":["post-7023","page","type-page","status-publish","hentry"],"acf":[],"aioseo_notices":[],"_links":{"self":[{"href":"https:\/\/www.mapsees.com\/fi\/wp-json\/wp\/v2\/pages\/7023","targetHints":{"allow":["GET"]}}],"collection":[{"href":"https:\/\/www.mapsees.com\/fi\/wp-json\/wp\/v2\/pages"}],"about":[{"href":"https:\/\/www.mapsees.com\/fi\/wp-json\/wp\/v2\/types\/page"}],"author":[{"embeddable":true,"href":"https:\/\/www.mapsees.com\/fi\/wp-json\/wp\/v2\/users\/1"}],"replies":[{"embeddable":true,"href":"https:\/\/www.mapsees.com\/fi\/wp-json\/wp\/v2\/comments?post=7023"}],"version-history":[{"count":17,"href":"https:\/\/www.mapsees.com\/fi\/wp-json\/wp\/v2\/pages\/7023\/revisions"}],"predecessor-version":[{"id":7046,"href":"https:\/\/www.mapsees.com\/fi\/wp-json\/wp\/v2\/pages\/7023\/revisions\/7046"}],"wp:attachment":[{"href":"https:\/\/www.mapsees.com\/fi\/wp-json\/wp\/v2\/media?parent=7023"}],"curies":[{"name":"wp","href":"https:\/\/api.w.org\/{rel}","templated":true}]}}